{"id":195,"date":"2020-05-06T17:48:15","date_gmt":"2020-05-06T17:48:15","guid":{"rendered":"http:\/\/grupoisrael.com\/GI\/?page_id=195"},"modified":"2020-05-06T20:29:22","modified_gmt":"2020-05-06T20:29:22","slug":"quienes-somos","status":"publish","type":"page","link":"https:\/\/grupoisrael.com\/GI\/quienes-somos\/","title":{"rendered":"Quienes Somos"},"content":{"rendered":"<p>[et_pb_section fb_built=&#8221;1&#8243; fullwidth=&#8221;on&#8221; _builder_version=&#8221;3.22&#8243; animation_style=&#8221;slide&#8221; animation_direction=&#8221;top&#8221; animation_intensity_slide=&#8221;2%&#8221; animation_starting_opacity=&#8221;100%&#8221;][et_pb_fullwidth_header title=&#8221;Qui\u00e9nes Somos&#8221; header_scroll_down=&#8221;on&#8221; scroll_down_icon_size=&#8221;35px&#8221; background_overlay_color=&#8221;rgba(0,0,0,0.37)&#8221; _builder_version=&#8221;4.4.2&#8243; title_level=&#8221;h2&#8243; title_font=&#8221;Alata||||||||&#8221; title_text_align=&#8221;center&#8221; title_font_size=&#8221;45px&#8221; title_line_height=&#8221;1.2em&#8221; content_font=&#8221;||||||||&#8221; content_font_size=&#8221;20px&#8221; content_line_height=&#8221;1.8em&#8221; background_color=&#8221;rgba(255, 255, 255, 0)&#8221; use_background_color_gradient=&#8221;on&#8221; background_color_gradient_start=&#8221;rgba(0,0,0,0.75)&#8221; background_color_gradient_end=&#8221;rgba(0,0,0,0)&#8221; background_color_gradient_direction=&#8221;90deg&#8221; background_color_gradient_overlays_image=&#8221;on&#8221; background_image=&#8221;http:\/\/grupoisrael.com\/GI\/wp-content\/uploads\/2020\/05\/hunters-race-MYbhN8KaaEc-unsplash.jpg&#8221; custom_button_one=&#8221;on&#8221; button_one_text_size=&#8221;18px&#8221; button_one_bg_color=&#8221;#02d002&#8243; button_one_border_width=&#8221;8px&#8221; button_one_border_color=&#8221;#02d002&#8243; button_one_border_radius=&#8221;0px&#8221; button_one_letter_spacing=&#8221;1px&#8221; button_one_font=&#8221;Lato|700|||||||&#8221; button_one_use_icon=&#8221;off&#8221; custom_button_two=&#8221;on&#8221; button_two_text_size=&#8221;18px&#8221; button_two_text_color=&#8221;#353740&#8243; button_two_bg_color=&#8221;#ffffff&#8221; button_two_border_width=&#8221;8px&#8221; button_two_border_color=&#8221;#ffffff&#8221; button_two_border_radius=&#8221;0px&#8221; button_two_letter_spacing=&#8221;1px&#8221; button_two_font=&#8221;Lato|700|||||||&#8221; button_two_use_icon=&#8221;off&#8221; custom_margin=&#8221;|||&#8221; custom_padding=&#8221;8%||8%||false|&#8221; button_one_letter_spacing_hover=&#8221;1px&#8221; button_two_letter_spacing_hover=&#8221;1px&#8221; locked=&#8221;off&#8221; button_one_text_size__hover_enabled=&#8221;off&#8221; button_two_text_size__hover_enabled=&#8221;off&#8221; button_one_text_color__hover_enabled=&#8221;off&#8221; button_two_text_color__hover_enabled=&#8221;off&#8221; button_one_border_width__hover_enabled=&#8221;off&#8221; button_two_border_width__hover_enabled=&#8221;off&#8221; button_one_border_color__hover_enabled=&#8221;off&#8221; button_two_border_color__hover_enabled=&#8221;off&#8221; button_one_border_radius__hover_enabled=&#8221;off&#8221; button_two_border_radius__hover_enabled=&#8221;off&#8221; button_one_letter_spacing__hover_enabled=&#8221;on&#8221; button_one_letter_spacing__hover=&#8221;1px&#8221; button_two_letter_spacing__hover_enabled=&#8221;on&#8221; button_two_letter_spacing__hover=&#8221;1px&#8221; button_one_bg_color__hover_enabled=&#8221;off&#8221; button_two_bg_color__hover_enabled=&#8221;off&#8221;][\/et_pb_fullwidth_header][\/et_pb_section][et_pb_section fb_built=&#8221;1&#8243; admin_label=&#8221;Our Story Section&#8221; _builder_version=&#8221;3.22&#8243; custom_padding=&#8221;70px||70px||true|&#8221;][et_pb_row column_structure=&#8221;1_2,1_2&#8243; admin_label=&#8221;Our Story Area&#8221; _builder_version=&#8221;4.4.2&#8243; width=&#8221;85%&#8221; max_width=&#8221;1220px&#8221;][et_pb_column type=&#8221;1_2&#8243; _builder_version=&#8221;3.25&#8243; custom_padding=&#8221;|||&#8221; custom_padding__hover=&#8221;|||&#8221;][et_pb_image src=&#8221;http:\/\/grupoisrael.com\/GI\/wp-content\/uploads\/2020\/05\/19.jpeg&#8221; align_tablet=&#8221;center&#8221; align_phone=&#8221;&#8221; align_last_edited=&#8221;on|desktop&#8221; _builder_version=&#8221;4.4.2&#8243; box_shadow_style=&#8221;preset4&#8243; box_shadow_color=&#8221;rgba(221,221,221,0.3)&#8221;][\/et_pb_image][\/et_pb_column][et_pb_column type=&#8221;1_2&#8243; _builder_version=&#8221;3.25&#8243; custom_padding=&#8221;|||&#8221; custom_padding__hover=&#8221;|||&#8221;][et_pb_text admin_label=&#8221;Title&#8221; _builder_version=&#8221;4.4.2&#8243; text_font=&#8221;||||||||&#8221; header_font=&#8221;||||||||&#8221; header_2_font=&#8221;Alata|700|||||||&#8221; header_2_font_size=&#8221;36px&#8221; header_2_line_height=&#8221;1.5em&#8221; module_alignment=&#8221;center&#8221; custom_margin=&#8221;35px||15px|||&#8221; custom_padding=&#8221;|||&#8221; animation_direction=&#8221;left&#8221;]<\/p>\n<h2>Visi\u00f3n<\/h2>\n<p>[\/et_pb_text][et_pb_text _builder_version=&#8221;4.4.2&#8243; text_font=&#8221;Alata||||||||&#8221; text_font_size=&#8221;1em&#8221; text_line_height=&#8221;1.8em&#8221; animation_direction=&#8221;left&#8221;]Grupo Israel es una empresa internacional la cual ofrece un buen ambiente laboral en la cual su personal se siente comprometido e inspirado a dar lo mejor de s\u00ed para satisfacer las necesidades de sus clientes, amigos, socios, inversionistas, colaboradores, etc. con una amplia variedad de servicios que ofrecemos con la m\u00e1s alta calidad anticip\u00e1ndonos a las necesidades de nuestros clientes para satisfacer sus necesidades, todo esto a trav\u00e9s nuestra m\u00e1s amplia red de socios, colaboradores a nivel internacional ofreciendo soluciones contables, transportes, construcci\u00f3n, exportaciones e importaciones, asesor\u00edas inversiones, entre otras todo con el beneficio de maximizar el rendimiento a los accionistas, inversores y clientes la responsabilidad que genera nuestra compa\u00f1\u00eda al servicio de todos convirti\u00e9ndonos en una compa\u00f1\u00eda altamente din\u00e1mica, de soluciones rapidas y eficaces.[\/et_pb_text][\/et_pb_column][\/et_pb_row][\/et_pb_section][et_pb_section fb_built=&#8221;1&#8243; admin_label=&#8221;Our Mission Section&#8221; _builder_version=&#8221;3.22&#8243; background_color=&#8221;#f7f7f7&#8243; custom_padding=&#8221;65px||65px||true|&#8221;][et_pb_row column_structure=&#8221;1_3,2_3&#8243; admin_label=&#8221;Our Mission Area&#8221; _builder_version=&#8221;3.25&#8243;][et_pb_column type=&#8221;1_3&#8243; _builder_version=&#8221;3.25&#8243; custom_padding=&#8221;|||&#8221; custom_padding__hover=&#8221;|||&#8221;][et_pb_text admin_label=&#8221;Title&#8221; _builder_version=&#8221;4.4.2&#8243; text_font=&#8221;||||||||&#8221; header_font=&#8221;||||||||&#8221; header_2_font=&#8221;Alata|700|||||||&#8221; header_2_font_size=&#8221;36px&#8221; header_2_line_height=&#8221;1.5em&#8221; module_alignment=&#8221;center&#8221; custom_margin=&#8221;||15px|&#8221; custom_padding=&#8221;|||&#8221; animation_direction=&#8221;left&#8221;]<\/p>\n<h2>Nuestra Misi\u00f3n<\/h2>\n<p>[\/et_pb_text][et_pb_divider color=&#8221;#000000&#8243; divider_weight=&#8221;2px&#8221; _builder_version=&#8221;4.4.2&#8243; width=&#8221;20%&#8221;][\/et_pb_divider][\/et_pb_column][et_pb_column type=&#8221;2_3&#8243; _builder_version=&#8221;3.25&#8243; custom_padding=&#8221;|||&#8221; custom_padding__hover=&#8221;|||&#8221;][et_pb_text _builder_version=&#8221;4.4.2&#8243; text_font=&#8221;Alata||||||||&#8221; text_font_size=&#8221;1.1em&#8221; text_line_height=&#8221;1.8em&#8221; animation_direction=&#8221;left&#8221;]Ser un grupo con socios estrat\u00e9gicos a nivel internacional con expertos en diferentes \u00e1reas, comprometidos y dedicados a brindar los mejores servicios a nuestros clientes, amigos, socios, inversionistas, colaboradores, etc. En el cual se le brinda una asesor\u00eda y ejecuci\u00f3n de primer nivel.[\/et_pb_text][\/et_pb_column][\/et_pb_row][\/et_pb_section][et_pb_section fb_built=&#8221;1&#8243; admin_label=&#8221;Video Section&#8221; _builder_version=&#8221;4.4.2&#8243; use_background_color_gradient=&#8221;on&#8221; background_color_gradient_start=&#8221;#ffffff&#8221; background_color_gradient_end=&#8221;rgba(255,255,255,0.85)&#8221; background_color_gradient_direction=&#8221;90deg&#8221; background_color_gradient_start_position=&#8221;50%&#8221; background_color_gradient_end_position=&#8221;50%&#8221; background_color_gradient_overlays_image=&#8221;on&#8221; background_image=&#8221;http:\/\/grupoisrael.com\/GI\/wp-content\/uploads\/2020\/05\/home1.jpg&#8221; custom_padding=&#8221;90px||90px|&#8221;][et_pb_row column_structure=&#8221;1_3,2_3&#8243; admin_label=&#8221;Video Area&#8221; _builder_version=&#8221;4.4.2&#8243;][et_pb_column type=&#8221;1_3&#8243; _builder_version=&#8221;3.25&#8243; custom_padding=&#8221;|||&#8221; custom_padding__hover=&#8221;|||&#8221;][et_pb_text admin_label=&#8221;Title&#8221; _builder_version=&#8221;4.4.2&#8243; text_font=&#8221;||||||||&#8221; header_font=&#8221;||||||||&#8221; header_2_font=&#8221;Alata|700|||||||&#8221; header_2_font_size=&#8221;36px&#8221; header_2_line_height=&#8221;1.5em&#8221; module_alignment=&#8221;center&#8221; custom_margin=&#8221;||15px|&#8221; custom_padding=&#8221;|||&#8221; animation_direction=&#8221;left&#8221;]<\/p>\n<h2>Valores<\/h2>\n<p>[\/et_pb_text][et_pb_text ul_type=&#8221;circle&#8221; ul_position=&#8221;inside&#8221; _builder_version=&#8221;4.4.2&#8243; ul_font=&#8221;Alata||||||||&#8221; ul_text_color=&#8221;#000000&#8243; ul_font_size=&#8221;16px&#8221;]<\/p>\n<ul>\n<li>Responsabilidad<\/li>\n<li>Lealtad<\/li>\n<li>Liderazgo<\/li>\n<li>Integridad<\/li>\n<li>Servicio<\/li>\n<li>Diversidad<\/li>\n<li>Calidad<\/li>\n<li>Compromiso<\/li>\n<li>Firmeza<\/li>\n<\/ul>\n<p>[\/et_pb_text][et_pb_image align_tablet=&#8221;center&#8221; align_phone=&#8221;&#8221; align_last_edited=&#8221;on|desktop&#8221; _builder_version=&#8221;3.23&#8243;][\/et_pb_image][\/et_pb_column][et_pb_column type=&#8221;2_3&#8243; _builder_version=&#8221;3.25&#8243; custom_padding=&#8221;|||&#8221; custom_padding__hover=&#8221;|||&#8221;][et_pb_image src=&#8221;http:\/\/grupoisrael.com\/GI\/wp-content\/uploads\/2020\/05\/12.jpeg&#8221; align=&#8221;center&#8221; _builder_version=&#8221;4.4.2&#8243; width=&#8221;100%&#8221; box_shadow_style=&#8221;preset2&#8243;][\/et_pb_image][\/et_pb_column][\/et_pb_row][\/et_pb_section][et_pb_section fb_built=&#8221;1&#8243; admin_label=&#8221;Our Farmers Section&#8221; _builder_version=&#8221;3.22&#8243; custom_padding=&#8221;50px||50px||true|&#8221;][et_pb_row admin_label=&#8221;Our Farmers Title Area&#8221; _builder_version=&#8221;3.25&#8243; custom_padding=&#8221;||0px|||&#8221; locked=&#8221;off&#8221;][et_pb_column type=&#8221;4_4&#8243; _builder_version=&#8221;3.25&#8243; custom_padding=&#8221;|||&#8221; custom_padding__hover=&#8221;|||&#8221;][et_pb_text admin_label=&#8221;Title&#8221; _builder_version=&#8221;4.4.2&#8243; text_font=&#8221;||||||||&#8221; header_font=&#8221;||||||||&#8221; header_2_font=&#8221;Alata|700|||||||&#8221; header_2_font_size=&#8221;2.5em&#8221; header_2_line_height=&#8221;1.5em&#8221; module_alignment=&#8221;center&#8221; custom_margin=&#8221;||15px|&#8221; custom_padding=&#8221;|||&#8221; animation_direction=&#8221;left&#8221;]<\/p>\n<h2>Proyectos<\/h2>\n<p>[\/et_pb_text][et_pb_gallery gallery_ids=&#8221;186,185,184,183,182,181,180,179,178,177,176,175,174,173,172,171,170,169,168,162,161,160,159,158,157,156,155,154,153,152,151,150,149,148,147,146,145,144,143,142,141,140,139,138,137,136,135&#8243; gallery_orderby=&#8221;rand&#8221; show_title_and_caption=&#8221;off&#8221; zoom_icon_color=&#8221;#ffffff&#8221; hover_overlay_color=&#8221;rgba(0,0,0,0.85)&#8221; hover_icon=&#8221;%%99%%&#8221; _builder_version=&#8221;4.4.2&#8243; pagination_font=&#8221;Alata||||||||&#8221; pagination_text_align=&#8221;center&#8221; pagination_font_size=&#8221;14px&#8221;][\/et_pb_gallery][\/et_pb_column][\/et_pb_row][\/et_pb_section][et_pb_section fb_built=&#8221;1&#8243; _builder_version=&#8221;4.4.2&#8243; background_image=&#8221;http:\/\/grupoisrael.com\/GI\/wp-content\/uploads\/2020\/05\/home3.jpg&#8221; parallax=&#8221;on&#8221; parallax_method=&#8221;off&#8221; animation_style=&#8221;zoom&#8221; animation_direction=&#8221;top&#8221; saved_tabs=&#8221;all&#8221;][et_pb_row column_structure=&#8221;1_3,1_3,1_3&#8243; use_custom_gutter=&#8221;on&#8221; gutter_width=&#8221;2&#8243; _builder_version=&#8221;4.4.2&#8243;][et_pb_column type=&#8221;1_3&#8243; _builder_version=&#8221;4.4.2&#8243;][et_pb_image src=&#8221;http:\/\/grupoisrael.com\/GI\/wp-content\/uploads\/2020\/05\/logo-web.png&#8221; _builder_version=&#8221;4.4.2&#8243;][\/et_pb_image][\/et_pb_column][et_pb_column type=&#8221;1_3&#8243; _builder_version=&#8221;4.4.2&#8243;][et_pb_blurb use_icon=&#8221;on&#8221; font_icon=&#8221;%%264%%&#8221; icon_color=&#8221;#000000&#8243; use_circle=&#8221;on&#8221; circle_color=&#8221;#ffffff&#8221; icon_placement=&#8221;left&#8221; _builder_version=&#8221;4.4.2&#8243; body_font=&#8221;Lato||||||||&#8221; body_text_color=&#8221;#ffffff&#8221; body_font_size=&#8221;1em&#8221; custom_margin=&#8221;||14px|||&#8221;](507) 3828659 \u2013 (507) 3828658[\/et_pb_blurb][et_pb_blurb use_icon=&#8221;on&#8221; font_icon=&#8221;%%238%%&#8221; icon_color=&#8221;#000000&#8243; use_circle=&#8221;on&#8221; circle_color=&#8221;#ffffff&#8221; icon_placement=&#8221;left&#8221; _builder_version=&#8221;4.4.2&#8243; body_font=&#8221;Lato||||||||&#8221; body_text_color=&#8221;#ffffff&#8221; body_font_size=&#8221;1em&#8221;]gerenciageneral@grupoisrael.com[\/et_pb_blurb][\/et_pb_column][et_pb_column type=&#8221;1_3&#8243; _builder_version=&#8221;4.4.2&#8243;][et_pb_blurb use_icon=&#8221;on&#8221; font_icon=&#8221;%%249%%&#8221; icon_color=&#8221;#000000&#8243; use_circle=&#8221;on&#8221; circle_color=&#8221;#ffffff&#8221; icon_placement=&#8221;left&#8221; _builder_version=&#8221;4.4.2&#8243; body_font=&#8221;Lato||||||||&#8221; body_text_color=&#8221;#ffffff&#8221; body_font_size=&#8221;1em&#8221; custom_margin=&#8221;||14px|||&#8221;]PH Global Plaza calle 50 nivel 23 oficina 23B[\/et_pb_blurb][et_pb_social_media_follow _builder_version=&#8221;4.4.2&#8243;][et_pb_social_media_follow_network social_network=&#8221;facebook&#8221; icon_color=&#8221;#000000&#8243; _builder_version=&#8221;4.4.2&#8243; background_color=&#8221;#ffffff&#8221; background_enable_color=&#8221;on&#8221; follow_button=&#8221;off&#8221; url_new_window=&#8221;on&#8221;]facebook[\/et_pb_social_media_follow_network][et_pb_social_media_follow_network social_network=&#8221;twitter&#8221; icon_color=&#8221;#000000&#8243; _builder_version=&#8221;4.4.2&#8243; background_color=&#8221;#ffffff&#8221; background_enable_color=&#8221;on&#8221; follow_button=&#8221;off&#8221; url_new_window=&#8221;on&#8221;]twitter[\/et_pb_social_media_follow_network][et_pb_social_media_follow_network social_network=&#8221;instagram&#8221; icon_color=&#8221;#000000&#8243; _builder_version=&#8221;4.4.2&#8243; background_color=&#8221;#ffffff&#8221; background_enable_color=&#8221;on&#8221; follow_button=&#8221;off&#8221; url_new_window=&#8221;on&#8221;]instagram[\/et_pb_social_media_follow_network][\/et_pb_social_media_follow][\/et_pb_column][\/et_pb_row][\/et_pb_section]<\/p>\n","protected":false},"excerpt":{"rendered":"<p>[et_pb_section fb_built=&#8221;1&#8243; fullwidth=&#8221;on&#8221; _builder_version=&#8221;3.22&#8243; animation_style=&#8221;slide&#8221; animation_direction=&#8221;top&#8221; animation_intensity_slide=&#8221;2%&#8221; animation_starting_opacity=&#8221;100%&#8221;][et_pb_fullwidth_header title=&#8221;Qui\u00e9nes Somos&#8221; header_scroll_down=&#8221;on&#8221; scroll_down_icon_size=&#8221;35px&#8221; background_overlay_color=&#8221;rgba(0,0,0,0.37)&#8221; _builder_version=&#8221;4.4.2&#8243; title_level=&#8221;h2&#8243; title_font=&#8221;Alata||||||||&#8221; title_text_align=&#8221;center&#8221; title_font_size=&#8221;45px&#8221; title_line_height=&#8221;1.2em&#8221; content_font=&#8221;||||||||&#8221; content_font_size=&#8221;20px&#8221; content_line_height=&#8221;1.8em&#8221; background_color=&#8221;rgba(255, 255, 255, 0)&#8221; use_background_color_gradient=&#8221;on&#8221; background_color_gradient_start=&#8221;rgba(0,0,0,0.75)&#8221; background_color_gradient_end=&#8221;rgba(0,0,0,0)&#8221; background_color_gradient_direction=&#8221;90deg&#8221; background_color_gradient_overlays_image=&#8221;on&#8221; background_image=&#8221;http:\/\/grupoisrael.com\/GI\/wp-content\/uploads\/2020\/05\/hunters-race-MYbhN8KaaEc-unsplash.jpg&#8221; custom_button_one=&#8221;on&#8221; button_one_text_size=&#8221;18px&#8221; button_one_bg_color=&#8221;#02d002&#8243; button_one_border_width=&#8221;8px&#8221; button_one_border_color=&#8221;#02d002&#8243; button_one_border_radius=&#8221;0px&#8221; button_one_letter_spacing=&#8221;1px&#8221; button_one_font=&#8221;Lato|700|||||||&#8221; button_one_use_icon=&#8221;off&#8221; custom_button_two=&#8221;on&#8221; button_two_text_size=&#8221;18px&#8221; button_two_text_color=&#8221;#353740&#8243; button_two_bg_color=&#8221;#ffffff&#8221; button_two_border_width=&#8221;8px&#8221; button_two_border_color=&#8221;#ffffff&#8221; button_two_border_radius=&#8221;0px&#8221; button_two_letter_spacing=&#8221;1px&#8221; button_two_font=&#8221;Lato|700|||||||&#8221; button_two_use_icon=&#8221;off&#8221; custom_margin=&#8221;|||&#8221; custom_padding=&#8221;8%||8%||false|&#8221; button_one_letter_spacing_hover=&#8221;1px&#8221; button_two_letter_spacing_hover=&#8221;1px&#8221; [&hellip;]<\/p>\n","protected":false},"author":1,"featured_media":0,"parent":0,"menu_order":0,"comment_status":"closed","ping_status":"closed","template":"","meta":{"_et_pb_use_builder":"on","_et_pb_old_content":"","_et_gb_content_width":"","_monsterinsights_skip_tracking":false,"_monsterinsights_sitenote_active":false,"_monsterinsights_sitenote_note":"","_monsterinsights_sitenote_category":0,"footnotes":""},"class_list":["post-195","page","type-page","status-publish","hentry"],"yoast_head":"<!-- This site is optimized with the Yoast SEO plugin v15.3 - https:\/\/yoast.com\/wordpress\/plugins\/seo\/ -->\n<title>Quienes Somos - Grupo Israel<\/title>\n<meta name=\"description\" content=\"pagina de Quienes Somos\" \/>\n<meta name=\"robots\" content=\"index, follow, max-snippet:-1, max-image-preview:large, max-video-preview:-1\" \/>\n<link rel=\"canonical\" href=\"https:\/\/grupoisrael.com\/GI\/quienes-somos\/\" \/>\n<meta property=\"og:locale\" content=\"es_ES\" \/>\n<meta property=\"og:type\" content=\"article\" \/>\n<meta property=\"og:title\" content=\"Quienes Somos - Grupo Israel\" \/>\n<meta property=\"og:description\" content=\"pagina de Quienes Somos\" \/>\n<meta property=\"og:url\" content=\"https:\/\/grupoisrael.com\/GI\/quienes-somos\/\" \/>\n<meta property=\"og:site_name\" content=\"Grupo Israel\" \/>\n<meta property=\"article:modified_time\" content=\"2020-05-06T20:29:22+00:00\" \/>\n<meta name=\"twitter:card\" content=\"summary_large_image\" \/>\n<meta name=\"twitter:label1\" content=\"Written by\">\n\t<meta name=\"twitter:data1\" content=\"webgrupoisrael\">\n\t<meta name=\"twitter:label2\" content=\"Est. reading time\">\n\t<meta name=\"twitter:data2\" content=\"6 minutos\">\n<script type=\"application\/ld+json\" class=\"yoast-schema-graph\">{\"@context\":\"https:\/\/schema.org\",\"@graph\":[{\"@type\":\"Organization\",\"@id\":\"https:\/\/grupoisrael.com\/GI\/#organization\",\"name\":\"GRUPO ISRAEL HOLDING INC.\",\"url\":\"https:\/\/grupoisrael.com\/GI\/\",\"sameAs\":[],\"logo\":{\"@type\":\"ImageObject\",\"@id\":\"https:\/\/grupoisrael.com\/GI\/#logo\",\"inLanguage\":\"es-CR\",\"url\":\"https:\/\/grupoisrael.com\/GI\/wp-content\/uploads\/2020\/05\/fav.png\",\"width\":500,\"height\":500,\"caption\":\"GRUPO ISRAEL HOLDING INC.\"},\"image\":{\"@id\":\"https:\/\/grupoisrael.com\/GI\/#logo\"}},{\"@type\":\"WebSite\",\"@id\":\"https:\/\/grupoisrael.com\/GI\/#website\",\"url\":\"https:\/\/grupoisrael.com\/GI\/\",\"name\":\"grupoisrael.com\",\"description\":\"\",\"publisher\":{\"@id\":\"https:\/\/grupoisrael.com\/GI\/#organization\"},\"potentialAction\":[{\"@type\":\"SearchAction\",\"target\":\"https:\/\/grupoisrael.com\/GI\/?s={search_term_string}\",\"query-input\":\"required name=search_term_string\"}],\"inLanguage\":\"es-CR\"},{\"@type\":\"WebPage\",\"@id\":\"https:\/\/grupoisrael.com\/GI\/quienes-somos\/#webpage\",\"url\":\"https:\/\/grupoisrael.com\/GI\/quienes-somos\/\",\"name\":\"Quienes Somos - Grupo Israel\",\"isPartOf\":{\"@id\":\"https:\/\/grupoisrael.com\/GI\/#website\"},\"datePublished\":\"2020-05-06T17:48:15+00:00\",\"dateModified\":\"2020-05-06T20:29:22+00:00\",\"description\":\"pagina de Quienes Somos\",\"inLanguage\":\"es-CR\",\"potentialAction\":[{\"@type\":\"ReadAction\",\"target\":[\"https:\/\/grupoisrael.com\/GI\/quienes-somos\/\"]}]}]}<\/script>\n<!-- \/ Yoast SEO plugin. -->","_links":{"self":[{"href":"https:\/\/grupoisrael.com\/GI\/wp-json\/wp\/v2\/pages\/195","targetHints":{"allow":["GET"]}}],"collection":[{"href":"https:\/\/grupoisrael.com\/GI\/wp-json\/wp\/v2\/pages"}],"about":[{"href":"https:\/\/grupoisrael.com\/GI\/wp-json\/wp\/v2\/types\/page"}],"author":[{"embeddable":true,"href":"https:\/\/grupoisrael.com\/GI\/wp-json\/wp\/v2\/users\/1"}],"replies":[{"embeddable":true,"href":"https:\/\/grupoisrael.com\/GI\/wp-json\/wp\/v2\/comments?post=195"}],"version-history":[{"count":11,"href":"https:\/\/grupoisrael.com\/GI\/wp-json\/wp\/v2\/pages\/195\/revisions"}],"predecessor-version":[{"id":286,"href":"https:\/\/grupoisrael.com\/GI\/wp-json\/wp\/v2\/pages\/195\/revisions\/286"}],"wp:attachment":[{"href":"https:\/\/grupoisrael.com\/GI\/wp-json\/wp\/v2\/media?parent=195"}],"curies":[{"name":"wp","href":"https:\/\/api.w.org\/{rel}","templated":true}]}}